{"id":1996,"date":"2022-10-13T15:00:19","date_gmt":"2022-10-13T18:00:19","guid":{"rendered":"https:\/\/najar.com.br\/?page_id=1996"},"modified":"2025-07-04T07:53:41","modified_gmt":"2025-07-04T10:53:41","slug":"colecao-pet-lovers-2022","status":"publish","type":"page","link":"https:\/\/najar.com.br\/?page_id=1996","title":{"rendered":"Cole\u00e7\u00e3o Pet Lovers 2025"},"content":{"rendered":"\t\t<div data-elementor-type=\"wp-page\" data-elementor-id=\"1996\" class=\"elementor elementor-1996\" data-elementor-post-type=\"page\">\n\t\t\t\t\t\t<section class=\"elementor-section elementor-top-section elementor-element elementor-element-aaa9422 elementor-section-boxed elementor-section-height-default elementor-section-height-default\" data-id=\"aaa9422\" data-element_type=\"section\" data-e-type=\"section\" data-settings=\"{&quot;jet_parallax_layout_list&quot;:[]}\">\n\t\t\t\t\t\t<div class=\"elementor-container elementor-column-gap-default\">\n\t\t\t\t\t<div class=\"elementor-column elementor-col-100 elementor-top-column elementor-element elementor-element-5dfb247\" data-id=\"5dfb247\" data-element_type=\"column\" data-e-type=\"column\">\n\t\t\t<div class=\"elementor-widget-wrap elementor-element-populated\">\n\t\t\t\t\t\t<div class=\"elementor-element elementor-element-b480ca8 elementor-widget elementor-widget-spacer\" data-id=\"b480ca8\" data-element_type=\"widget\" data-e-type=\"widget\" data-widget_type=\"spacer.default\">\n\t\t\t\t<div class=\"elementor-widget-container\">\n\t\t\t\t\t\t\t<div class=\"elementor-spacer\">\n\t\t\t<div class=\"elementor-spacer-inner\"><\/div>\n\t\t<\/div>\n\t\t\t\t\t\t<\/div>\n\t\t\t\t<\/div>\n\t\t\t\t<div class=\"elementor-element elementor-element-4225b96 elementor-align-center elementor-widget elementor-widget-jet-download-button\" data-id=\"4225b96\" data-element_type=\"widget\" data-e-type=\"widget\" data-widget_type=\"jet-download-button.default\">\n\t\t\t\t<div class=\"elementor-widget-container\">\n\t\t\t\t\t<div class=\"elementor-jet-download-button jet-elements\"><a class=\"elementor-button elementor-size-md jet-download jet-download-icon-position-bottom\" data-e-disable-page-transition=\"true\" href=\"https:\/\/najar.com.br\/?jet_download=54dbf39275a9975203598881f4bfd51c5931218e\" ><span class=\"jet-download__icon jet-download-icon-bottom jet-elements-icon\"><i aria-hidden=\"true\" class=\"fas fa-file-download\"><\/i><\/span><span class=\"jet-download__text\"><span class=\"jet-download__label\">Cole\u00e7\u00e3o Pet Lovers 2025<\/span><span class=\"jet-download__file-name\"><\/span><small class=\"jet-download__sub-label\">Download PDF<\/small><\/span><\/a>\n<\/div>\t\t\t\t<\/div>\n\t\t\t\t<\/div>\n\t\t\t\t<div class=\"elementor-element elementor-element-d29198f elementor-widget elementor-widget-spacer\" data-id=\"d29198f\" data-element_type=\"widget\" data-e-type=\"widget\" data-widget_type=\"spacer.default\">\n\t\t\t\t<div class=\"elementor-widget-container\">\n\t\t\t\t\t\t\t<div class=\"elementor-spacer\">\n\t\t\t<div class=\"elementor-spacer-inner\"><\/div>\n\t\t<\/div>\n\t\t\t\t\t\t<\/div>\n\t\t\t\t<\/div>\n\t\t\t\t<div class=\"elementor-element elementor-element-47eaa6a elementor-widget elementor-widget-heading\" data-id=\"47eaa6a\" data-element_type=\"widget\" data-e-type=\"widget\" data-widget_type=\"heading.default\">\n\t\t\t\t<div class=\"elementor-widget-container\">\n\t\t\t\t\t<h2 class=\"elementor-heading-title elementor-size-default\">Cole\u00e7\u00e3o Pet Lovers 2025<\/h2>\t\t\t\t<\/div>\n\t\t\t\t<\/div>\n\t\t\t\t<div class=\"elementor-element elementor-element-bc1bbfe elementor-widget elementor-widget-spacer\" data-id=\"bc1bbfe\" data-element_type=\"widget\" data-e-type=\"widget\" data-widget_type=\"spacer.default\">\n\t\t\t\t<div class=\"elementor-widget-container\">\n\t\t\t\t\t\t\t<div class=\"elementor-spacer\">\n\t\t\t<div class=\"elementor-spacer-inner\"><\/div>\n\t\t<\/div>\n\t\t\t\t\t\t<\/div>\n\t\t\t\t<\/div>\n\t\t\t\t<div class=\"elementor-element elementor-element-101653d elementor-widget elementor-widget-image-gallery\" data-id=\"101653d\" data-element_type=\"widget\" data-e-type=\"widget\" data-widget_type=\"image-gallery.default\">\n\t\t\t\t<div class=\"elementor-widget-container\">\n\t\t\t\t\t\t\t<div class=\"elementor-image-gallery\">\n\t\t\t<div id='gallery-1' class='gallery galleryid-1996 gallery-columns-1 gallery-size-full'><figure class='gallery-item'>\n\t\t\t<div class='gallery-icon portrait'>\n\t\t\t\t<a data-elementor-open-lightbox=\"yes\" data-elementor-lightbox-slideshow=\"101653d\" data-e-action-hash=\"#elementor-action%3Aaction%3Dlightbox%26settings%3DeyJpZCI6MzYyMCwidXJsIjoiaHR0cHM6XC9cL25hamFyLmNvbS5iclwvd3AtY29udGVudFwvdXBsb2Fkc1wvMjAyNVwvMDdcL1BldC1Mb3ZlcnMtMjAyNS0wMS1zY2FsZWQuanBnIiwic2xpZGVzaG93IjoiMTAxNjUzZCJ9\" href='https:\/\/najar.com.br\/wp-content\/uploads\/2025\/07\/Pet-Lovers-2025-01-scaled.jpg'><img fetchpriority=\"high\" decoding=\"async\" width=\"1810\" height=\"2560\" src=\"https:\/\/najar.com.br\/wp-content\/uploads\/2025\/07\/Pet-Lovers-2025-01-scaled.jpg\" class=\"attachment-full size-full\" alt=\"\" srcset=\"https:\/\/najar.com.br\/wp-content\/uploads\/2025\/07\/Pet-Lovers-2025-01-scaled.jpg 1810w, https:\/\/najar.com.br\/wp-content\/uploads\/2025\/07\/Pet-Lovers-2025-01-212x300.jpg 212w, https:\/\/najar.com.br\/wp-content\/uploads\/2025\/07\/Pet-Lovers-2025-01-724x1024.jpg 724w, https:\/\/najar.com.br\/wp-content\/uploads\/2025\/07\/Pet-Lovers-2025-01-768x1086.jpg 768w, https:\/\/najar.com.br\/wp-content\/uploads\/2025\/07\/Pet-Lovers-2025-01-1086x1536.jpg 1086w, https:\/\/najar.com.br\/wp-content\/uploads\/2025\/07\/Pet-Lovers-2025-01-1448x2048.jpg 1448w\" sizes=\"(max-width: 1810px) 100vw, 1810px\" \/><\/a>\n\t\t\t<\/div><\/figure><figure class='gallery-item'>\n\t\t\t<div class='gallery-icon portrait'>\n\t\t\t\t<a data-elementor-open-lightbox=\"yes\" data-elementor-lightbox-slideshow=\"101653d\" data-e-action-hash=\"#elementor-action%3Aaction%3Dlightbox%26settings%3DeyJpZCI6MzYyMSwidXJsIjoiaHR0cHM6XC9cL25hamFyLmNvbS5iclwvd3AtY29udGVudFwvdXBsb2Fkc1wvMjAyNVwvMDdcL1BldC1Mb3ZlcnMtMjAyNS0wMi1zY2FsZWQuanBnIiwic2xpZGVzaG93IjoiMTAxNjUzZCJ9\" href='https:\/\/najar.com.br\/wp-content\/uploads\/2025\/07\/Pet-Lovers-2025-02-scaled.jpg'><img decoding=\"async\" width=\"1810\" height=\"2560\" src=\"https:\/\/najar.com.br\/wp-content\/uploads\/2025\/07\/Pet-Lovers-2025-02-scaled.jpg\" class=\"attachment-full size-full\" alt=\"\" srcset=\"https:\/\/najar.com.br\/wp-content\/uploads\/2025\/07\/Pet-Lovers-2025-02-scaled.jpg 1810w, https:\/\/najar.com.br\/wp-content\/uploads\/2025\/07\/Pet-Lovers-2025-02-212x300.jpg 212w, https:\/\/najar.com.br\/wp-content\/uploads\/2025\/07\/Pet-Lovers-2025-02-724x1024.jpg 724w, https:\/\/najar.com.br\/wp-content\/uploads\/2025\/07\/Pet-Lovers-2025-02-768x1086.jpg 768w, https:\/\/najar.com.br\/wp-content\/uploads\/2025\/07\/Pet-Lovers-2025-02-1086x1536.jpg 1086w, https:\/\/najar.com.br\/wp-content\/uploads\/2025\/07\/Pet-Lovers-2025-02-1448x2048.jpg 1448w\" sizes=\"(max-width: 1810px) 100vw, 1810px\" \/><\/a>\n\t\t\t<\/div><\/figure><figure class='gallery-item'>\n\t\t\t<div class='gallery-icon portrait'>\n\t\t\t\t<a data-elementor-open-lightbox=\"yes\" data-elementor-lightbox-slideshow=\"101653d\" data-e-action-hash=\"#elementor-action%3Aaction%3Dlightbox%26settings%3DeyJpZCI6MzYyMiwidXJsIjoiaHR0cHM6XC9cL25hamFyLmNvbS5iclwvd3AtY29udGVudFwvdXBsb2Fkc1wvMjAyNVwvMDdcL1BldC1Mb3ZlcnMtMjAyNS0wMy1zY2FsZWQuanBnIiwic2xpZGVzaG93IjoiMTAxNjUzZCJ9\" href='https:\/\/najar.com.br\/wp-content\/uploads\/2025\/07\/Pet-Lovers-2025-03-scaled.jpg'><img decoding=\"async\" width=\"1810\" height=\"2560\" src=\"https:\/\/najar.com.br\/wp-content\/uploads\/2025\/07\/Pet-Lovers-2025-03-scaled.jpg\" class=\"attachment-full size-full\" alt=\"\" srcset=\"https:\/\/najar.com.br\/wp-content\/uploads\/2025\/07\/Pet-Lovers-2025-03-scaled.jpg 1810w, https:\/\/najar.com.br\/wp-content\/uploads\/2025\/07\/Pet-Lovers-2025-03-212x300.jpg 212w, https:\/\/najar.com.br\/wp-content\/uploads\/2025\/07\/Pet-Lovers-2025-03-724x1024.jpg 724w, https:\/\/najar.com.br\/wp-content\/uploads\/2025\/07\/Pet-Lovers-2025-03-768x1086.jpg 768w, https:\/\/najar.com.br\/wp-content\/uploads\/2025\/07\/Pet-Lovers-2025-03-1086x1536.jpg 1086w, https:\/\/najar.com.br\/wp-content\/uploads\/2025\/07\/Pet-Lovers-2025-03-1448x2048.jpg 1448w\" sizes=\"(max-width: 1810px) 100vw, 1810px\" \/><\/a>\n\t\t\t<\/div><\/figure><figure class='gallery-item'>\n\t\t\t<div class='gallery-icon portrait'>\n\t\t\t\t<a data-elementor-open-lightbox=\"yes\" data-elementor-lightbox-slideshow=\"101653d\" data-e-action-hash=\"#elementor-action%3Aaction%3Dlightbox%26settings%3DeyJpZCI6MzYyMywidXJsIjoiaHR0cHM6XC9cL25hamFyLmNvbS5iclwvd3AtY29udGVudFwvdXBsb2Fkc1wvMjAyNVwvMDdcL1BldC1Mb3ZlcnMtMjAyNS0wNC1zY2FsZWQuanBnIiwic2xpZGVzaG93IjoiMTAxNjUzZCJ9\" href='https:\/\/najar.com.br\/wp-content\/uploads\/2025\/07\/Pet-Lovers-2025-04-scaled.jpg'><img loading=\"lazy\" decoding=\"async\" width=\"1810\" height=\"2560\" src=\"https:\/\/najar.com.br\/wp-content\/uploads\/2025\/07\/Pet-Lovers-2025-04-scaled.jpg\" class=\"attachment-full size-full\" alt=\"\" srcset=\"https:\/\/najar.com.br\/wp-content\/uploads\/2025\/07\/Pet-Lovers-2025-04-scaled.jpg 1810w, https:\/\/najar.com.br\/wp-content\/uploads\/2025\/07\/Pet-Lovers-2025-04-212x300.jpg 212w, https:\/\/najar.com.br\/wp-content\/uploads\/2025\/07\/Pet-Lovers-2025-04-724x1024.jpg 724w, https:\/\/najar.com.br\/wp-content\/uploads\/2025\/07\/Pet-Lovers-2025-04-768x1086.jpg 768w, https:\/\/najar.com.br\/wp-content\/uploads\/2025\/07\/Pet-Lovers-2025-04-1086x1536.jpg 1086w, https:\/\/najar.com.br\/wp-content\/uploads\/2025\/07\/Pet-Lovers-2025-04-1448x2048.jpg 1448w\" sizes=\"(max-width: 1810px) 100vw, 1810px\" \/><\/a>\n\t\t\t<\/div><\/figure><figure class='gallery-item'>\n\t\t\t<div class='gallery-icon portrait'>\n\t\t\t\t<a data-elementor-open-lightbox=\"yes\" data-elementor-lightbox-slideshow=\"101653d\" data-e-action-hash=\"#elementor-action%3Aaction%3Dlightbox%26settings%3DeyJpZCI6MzYyNCwidXJsIjoiaHR0cHM6XC9cL25hamFyLmNvbS5iclwvd3AtY29udGVudFwvdXBsb2Fkc1wvMjAyNVwvMDdcL1BldC1Mb3ZlcnMtMjAyNS0wNS1zY2FsZWQuanBnIiwic2xpZGVzaG93IjoiMTAxNjUzZCJ9\" href='https:\/\/najar.com.br\/wp-content\/uploads\/2025\/07\/Pet-Lovers-2025-05-scaled.jpg'><img loading=\"lazy\" decoding=\"async\" width=\"1810\" height=\"2560\" src=\"https:\/\/najar.com.br\/wp-content\/uploads\/2025\/07\/Pet-Lovers-2025-05-scaled.jpg\" class=\"attachment-full size-full\" alt=\"\" srcset=\"https:\/\/najar.com.br\/wp-content\/uploads\/2025\/07\/Pet-Lovers-2025-05-scaled.jpg 1810w, https:\/\/najar.com.br\/wp-content\/uploads\/2025\/07\/Pet-Lovers-2025-05-212x300.jpg 212w, https:\/\/najar.com.br\/wp-content\/uploads\/2025\/07\/Pet-Lovers-2025-05-724x1024.jpg 724w, https:\/\/najar.com.br\/wp-content\/uploads\/2025\/07\/Pet-Lovers-2025-05-768x1086.jpg 768w, https:\/\/najar.com.br\/wp-content\/uploads\/2025\/07\/Pet-Lovers-2025-05-1086x1536.jpg 1086w, https:\/\/najar.com.br\/wp-content\/uploads\/2025\/07\/Pet-Lovers-2025-05-1448x2048.jpg 1448w\" sizes=\"(max-width: 1810px) 100vw, 1810px\" \/><\/a>\n\t\t\t<\/div><\/figure><figure class='gallery-item'>\n\t\t\t<div class='gallery-icon portrait'>\n\t\t\t\t<a data-elementor-open-lightbox=\"yes\" data-elementor-lightbox-slideshow=\"101653d\" data-e-action-hash=\"#elementor-action%3Aaction%3Dlightbox%26settings%3DeyJpZCI6MzYyNSwidXJsIjoiaHR0cHM6XC9cL25hamFyLmNvbS5iclwvd3AtY29udGVudFwvdXBsb2Fkc1wvMjAyNVwvMDdcL1BldC1Mb3ZlcnMtMjAyNS0wNi1zY2FsZWQuanBnIiwic2xpZGVzaG93IjoiMTAxNjUzZCJ9\" href='https:\/\/najar.com.br\/wp-content\/uploads\/2025\/07\/Pet-Lovers-2025-06-scaled.jpg'><img loading=\"lazy\" decoding=\"async\" width=\"1810\" height=\"2560\" src=\"https:\/\/najar.com.br\/wp-content\/uploads\/2025\/07\/Pet-Lovers-2025-06-scaled.jpg\" class=\"attachment-full size-full\" alt=\"\" srcset=\"https:\/\/najar.com.br\/wp-content\/uploads\/2025\/07\/Pet-Lovers-2025-06-scaled.jpg 1810w, https:\/\/najar.com.br\/wp-content\/uploads\/2025\/07\/Pet-Lovers-2025-06-212x300.jpg 212w, https:\/\/najar.com.br\/wp-content\/uploads\/2025\/07\/Pet-Lovers-2025-06-724x1024.jpg 724w, https:\/\/najar.com.br\/wp-content\/uploads\/2025\/07\/Pet-Lovers-2025-06-768x1086.jpg 768w, https:\/\/najar.com.br\/wp-content\/uploads\/2025\/07\/Pet-Lovers-2025-06-1086x1536.jpg 1086w, https:\/\/najar.com.br\/wp-content\/uploads\/2025\/07\/Pet-Lovers-2025-06-1448x2048.jpg 1448w\" sizes=\"(max-width: 1810px) 100vw, 1810px\" \/><\/a>\n\t\t\t<\/div><\/figure>\n\t\t<\/div>\n\t\t<\/div>\n\t\t\t\t\t\t<\/div>\n\t\t\t\t<\/div>\n\t\t\t\t<div class=\"elementor-element elementor-element-9807808 elementor-widget elementor-widget-spacer\" data-id=\"9807808\" data-element_type=\"widget\" data-e-type=\"widget\" data-widget_type=\"spacer.default\">\n\t\t\t\t<div class=\"elementor-widget-container\">\n\t\t\t\t\t\t\t<div class=\"elementor-spacer\">\n\t\t\t<div class=\"elementor-spacer-inner\"><\/div>\n\t\t<\/div>\n\t\t\t\t\t\t<\/div>\n\t\t\t\t<\/div>\n\t\t\t\t\t<\/div>\n\t\t<\/div>\n\t\t\t\t\t<\/div>\n\t\t<\/section>\n\t\t\t\t<\/div>\n\t\t","protected":false},"excerpt":{"rendered":"<p>Cole\u00e7\u00e3o Pet Lovers 2025Download PDF Cole\u00e7\u00e3o Pet Lovers 2025<\/p>\n","protected":false},"author":2,"featured_media":0,"parent":0,"menu_order":0,"comment_status":"closed","ping_status":"closed","template":"","meta":{"footnotes":""},"class_list":["post-1996","page","type-page","status-publish","hentry"],"_links":{"self":[{"href":"https:\/\/najar.com.br\/index.php?rest_route=\/wp\/v2\/pages\/1996","targetHints":{"allow":["GET"]}}],"collection":[{"href":"https:\/\/najar.com.br\/index.php?rest_route=\/wp\/v2\/pages"}],"about":[{"href":"https:\/\/najar.com.br\/index.php?rest_route=\/wp\/v2\/types\/page"}],"author":[{"embeddable":true,"href":"https:\/\/najar.com.br\/index.php?rest_route=\/wp\/v2\/users\/2"}],"replies":[{"embeddable":true,"href":"https:\/\/najar.com.br\/index.php?rest_route=%2Fwp%2Fv2%2Fcomments&post=1996"}],"version-history":[{"count":26,"href":"https:\/\/najar.com.br\/index.php?rest_route=\/wp\/v2\/pages\/1996\/revisions"}],"predecessor-version":[{"id":3633,"href":"https:\/\/najar.com.br\/index.php?rest_route=\/wp\/v2\/pages\/1996\/revisions\/3633"}],"wp:attachment":[{"href":"https:\/\/najar.com.br\/index.php?rest_route=%2Fwp%2Fv2%2Fmedia&parent=1996"}],"curies":[{"name":"wp","href":"https:\/\/api.w.org\/{rel}","templated":true}]}}