{"id":3252,"date":"2024-02-28T15:43:00","date_gmt":"2024-02-28T18:43:00","guid":{"rendered":"https:\/\/najar.com.br\/?page_id=3252"},"modified":"2024-02-28T15:44:25","modified_gmt":"2024-02-28T18:44:25","slug":"colecao-junina","status":"publish","type":"page","link":"https:\/\/najar.com.br\/?page_id=3252","title":{"rendered":"Cole\u00e7\u00e3o Junina"},"content":{"rendered":"\t\t<div data-elementor-type=\"wp-page\" data-elementor-id=\"3252\" class=\"elementor elementor-3252\" data-elementor-post-type=\"page\">\n\t\t\t\t\t\t<section class=\"elementor-section elementor-top-section elementor-element elementor-element-a6849f4 elementor-section-boxed elementor-section-height-default elementor-section-height-default\" data-id=\"a6849f4\" data-element_type=\"section\" data-e-type=\"section\" data-settings=\"{&quot;jet_parallax_layout_list&quot;:[]}\">\n\t\t\t\t\t\t<div class=\"elementor-container elementor-column-gap-default\">\n\t\t\t\t\t<div class=\"elementor-column elementor-col-100 elementor-top-column elementor-element elementor-element-e091235\" data-id=\"e091235\" data-element_type=\"column\" data-e-type=\"column\">\n\t\t\t<div class=\"elementor-widget-wrap elementor-element-populated\">\n\t\t\t\t\t\t<div class=\"elementor-element elementor-element-4666a4c elementor-widget elementor-widget-spacer\" data-id=\"4666a4c\" data-element_type=\"widget\" data-e-type=\"widget\" data-widget_type=\"spacer.default\">\n\t\t\t\t<div class=\"elementor-widget-container\">\n\t\t\t\t\t\t\t<div class=\"elementor-spacer\">\n\t\t\t<div class=\"elementor-spacer-inner\"><\/div>\n\t\t<\/div>\n\t\t\t\t\t\t<\/div>\n\t\t\t\t<\/div>\n\t\t\t\t<div class=\"elementor-element elementor-element-02166d0 elementor-align-center elementor-widget elementor-widget-jet-download-button\" data-id=\"02166d0\" data-element_type=\"widget\" data-e-type=\"widget\" data-widget_type=\"jet-download-button.default\">\n\t\t\t\t<div class=\"elementor-widget-container\">\n\t\t\t\t\t<div class=\"elementor-jet-download-button jet-elements\"><a class=\"elementor-button elementor-size-md jet-download jet-download-icon-position-bottom\" data-e-disable-page-transition=\"true\" href=\"https:\/\/najar.com.br\/?jet_download=c57a9b5ba00115df7209d44892b68ae9755f0129\" ><span class=\"jet-download__icon jet-download-icon-bottom jet-elements-icon\"><i aria-hidden=\"true\" class=\"fas fa-file-download\"><\/i><\/span><span class=\"jet-download__text\"><span class=\"jet-download__label\">Cole\u00e7\u00e3o Junina<\/span><span class=\"jet-download__file-name\"><\/span><small class=\"jet-download__sub-label\">Download PDF<\/small><\/span><\/a>\n<\/div>\t\t\t\t<\/div>\n\t\t\t\t<\/div>\n\t\t\t\t<div class=\"elementor-element elementor-element-ae836e0 elementor-widget elementor-widget-spacer\" data-id=\"ae836e0\" data-element_type=\"widget\" data-e-type=\"widget\" data-widget_type=\"spacer.default\">\n\t\t\t\t<div class=\"elementor-widget-container\">\n\t\t\t\t\t\t\t<div class=\"elementor-spacer\">\n\t\t\t<div class=\"elementor-spacer-inner\"><\/div>\n\t\t<\/div>\n\t\t\t\t\t\t<\/div>\n\t\t\t\t<\/div>\n\t\t\t\t<div class=\"elementor-element elementor-element-4ebc1e6 elementor-widget elementor-widget-heading\" data-id=\"4ebc1e6\" data-element_type=\"widget\" data-e-type=\"widget\" data-widget_type=\"heading.default\">\n\t\t\t\t<div class=\"elementor-widget-container\">\n\t\t\t\t\t<h2 class=\"elementor-heading-title elementor-size-default\">Cole\u00e7\u00e3o Junina<\/h2>\t\t\t\t<\/div>\n\t\t\t\t<\/div>\n\t\t\t\t<div class=\"elementor-element elementor-element-7c54c46 elementor-widget elementor-widget-spacer\" data-id=\"7c54c46\" data-element_type=\"widget\" data-e-type=\"widget\" data-widget_type=\"spacer.default\">\n\t\t\t\t<div class=\"elementor-widget-container\">\n\t\t\t\t\t\t\t<div class=\"elementor-spacer\">\n\t\t\t<div class=\"elementor-spacer-inner\"><\/div>\n\t\t<\/div>\n\t\t\t\t\t\t<\/div>\n\t\t\t\t<\/div>\n\t\t\t\t<div class=\"elementor-element elementor-element-e1ce107 elementor-widget elementor-widget-gallery\" data-id=\"e1ce107\" data-element_type=\"widget\" data-e-type=\"widget\" data-settings=\"{&quot;gallery_layout&quot;:&quot;masonry&quot;,&quot;columns&quot;:1,&quot;columns_tablet&quot;:2,&quot;columns_mobile&quot;:1,&quot;gap&quot;:{&quot;unit&quot;:&quot;px&quot;,&quot;size&quot;:10,&quot;sizes&quot;:[]},&quot;gap_tablet&quot;:{&quot;unit&quot;:&quot;px&quot;,&quot;size&quot;:10,&quot;sizes&quot;:[]},&quot;gap_mobile&quot;:{&quot;unit&quot;:&quot;px&quot;,&quot;size&quot;:10,&quot;sizes&quot;:[]},&quot;link_to&quot;:&quot;file&quot;,&quot;overlay_background&quot;:&quot;yes&quot;,&quot;content_hover_animation&quot;:&quot;fade-in&quot;}\" data-widget_type=\"gallery.default\">\n\t\t\t\t<div class=\"elementor-widget-container\">\n\t\t\t\t\t\t\t<div class=\"elementor-gallery__container\">\n\t\t\t\t\t\t\t<a class=\"e-gallery-item elementor-gallery-item elementor-animated-content\" href=\"https:\/\/najar.com.br\/wp-content\/uploads\/2024\/02\/Colecao-Junina-2024-01-scaled.jpg\" data-elementor-open-lightbox=\"yes\" data-elementor-lightbox-slideshow=\"e1ce107\" data-e-action-hash=\"#elementor-action%3Aaction%3Dlightbox%26settings%3DeyJpZCI6MzI0NiwidXJsIjoiaHR0cHM6XC9cL25hamFyLmNvbS5iclwvd3AtY29udGVudFwvdXBsb2Fkc1wvMjAyNFwvMDJcL0NvbGVjYW8tSnVuaW5hLTIwMjQtMDEtc2NhbGVkLmpwZyIsInNsaWRlc2hvdyI6ImUxY2UxMDcifQ%3D%3D\">\n\t\t\t\t\t<div class=\"e-gallery-image elementor-gallery-item__image\" data-thumbnail=\"https:\/\/najar.com.br\/wp-content\/uploads\/2024\/02\/Colecao-Junina-2024-01-scaled.jpg\" data-width=\"1810\" data-height=\"2560\" aria-label=\"\" role=\"img\" ><\/div>\n\t\t\t\t\t\t\t\t\t\t\t<div class=\"elementor-gallery-item__overlay\"><\/div>\n\t\t\t\t\t\t\t\t\t\t\t\t\t\t<\/a>\n\t\t\t\t\t\t\t<a class=\"e-gallery-item elementor-gallery-item elementor-animated-content\" href=\"https:\/\/najar.com.br\/wp-content\/uploads\/2024\/02\/Colecao-Junina-2024-02-scaled.jpg\" data-elementor-open-lightbox=\"yes\" data-elementor-lightbox-slideshow=\"e1ce107\" data-e-action-hash=\"#elementor-action%3Aaction%3Dlightbox%26settings%3DeyJpZCI6MzI0NywidXJsIjoiaHR0cHM6XC9cL25hamFyLmNvbS5iclwvd3AtY29udGVudFwvdXBsb2Fkc1wvMjAyNFwvMDJcL0NvbGVjYW8tSnVuaW5hLTIwMjQtMDItc2NhbGVkLmpwZyIsInNsaWRlc2hvdyI6ImUxY2UxMDcifQ%3D%3D\">\n\t\t\t\t\t<div class=\"e-gallery-image elementor-gallery-item__image\" data-thumbnail=\"https:\/\/najar.com.br\/wp-content\/uploads\/2024\/02\/Colecao-Junina-2024-02-scaled.jpg\" data-width=\"1810\" data-height=\"2560\" aria-label=\"\" role=\"img\" ><\/div>\n\t\t\t\t\t\t\t\t\t\t\t<div class=\"elementor-gallery-item__overlay\"><\/div>\n\t\t\t\t\t\t\t\t\t\t\t\t\t\t<\/a>\n\t\t\t\t\t\t\t<a class=\"e-gallery-item elementor-gallery-item elementor-animated-content\" href=\"https:\/\/najar.com.br\/wp-content\/uploads\/2024\/02\/Colecao-Junina-2024-03-scaled.jpg\" data-elementor-open-lightbox=\"yes\" data-elementor-lightbox-slideshow=\"e1ce107\" data-e-action-hash=\"#elementor-action%3Aaction%3Dlightbox%26settings%3DeyJpZCI6MzI0OCwidXJsIjoiaHR0cHM6XC9cL25hamFyLmNvbS5iclwvd3AtY29udGVudFwvdXBsb2Fkc1wvMjAyNFwvMDJcL0NvbGVjYW8tSnVuaW5hLTIwMjQtMDMtc2NhbGVkLmpwZyIsInNsaWRlc2hvdyI6ImUxY2UxMDcifQ%3D%3D\">\n\t\t\t\t\t<div class=\"e-gallery-image elementor-gallery-item__image\" data-thumbnail=\"https:\/\/najar.com.br\/wp-content\/uploads\/2024\/02\/Colecao-Junina-2024-03-scaled.jpg\" data-width=\"1810\" data-height=\"2560\" aria-label=\"\" role=\"img\" ><\/div>\n\t\t\t\t\t\t\t\t\t\t\t<div class=\"elementor-gallery-item__overlay\"><\/div>\n\t\t\t\t\t\t\t\t\t\t\t\t\t\t<\/a>\n\t\t\t\t\t\t\t<a class=\"e-gallery-item elementor-gallery-item elementor-animated-content\" href=\"https:\/\/najar.com.br\/wp-content\/uploads\/2024\/02\/Colecao-Junina-2024-04-scaled.jpg\" data-elementor-open-lightbox=\"yes\" data-elementor-lightbox-slideshow=\"e1ce107\" data-e-action-hash=\"#elementor-action%3Aaction%3Dlightbox%26settings%3DeyJpZCI6MzI0OSwidXJsIjoiaHR0cHM6XC9cL25hamFyLmNvbS5iclwvd3AtY29udGVudFwvdXBsb2Fkc1wvMjAyNFwvMDJcL0NvbGVjYW8tSnVuaW5hLTIwMjQtMDQtc2NhbGVkLmpwZyIsInNsaWRlc2hvdyI6ImUxY2UxMDcifQ%3D%3D\">\n\t\t\t\t\t<div class=\"e-gallery-image elementor-gallery-item__image\" data-thumbnail=\"https:\/\/najar.com.br\/wp-content\/uploads\/2024\/02\/Colecao-Junina-2024-04-scaled.jpg\" data-width=\"1810\" data-height=\"2560\" aria-label=\"\" role=\"img\" ><\/div>\n\t\t\t\t\t\t\t\t\t\t\t<div class=\"elementor-gallery-item__overlay\"><\/div>\n\t\t\t\t\t\t\t\t\t\t\t\t\t\t<\/a>\n\t\t\t\t\t\t\t<a class=\"e-gallery-item elementor-gallery-item elementor-animated-content\" href=\"https:\/\/najar.com.br\/wp-content\/uploads\/2024\/02\/Colecao-Junina-2024-05-scaled.jpg\" data-elementor-open-lightbox=\"yes\" data-elementor-lightbox-slideshow=\"e1ce107\" data-e-action-hash=\"#elementor-action%3Aaction%3Dlightbox%26settings%3DeyJpZCI6MzI1MCwidXJsIjoiaHR0cHM6XC9cL25hamFyLmNvbS5iclwvd3AtY29udGVudFwvdXBsb2Fkc1wvMjAyNFwvMDJcL0NvbGVjYW8tSnVuaW5hLTIwMjQtMDUtc2NhbGVkLmpwZyIsInNsaWRlc2hvdyI6ImUxY2UxMDcifQ%3D%3D\">\n\t\t\t\t\t<div class=\"e-gallery-image elementor-gallery-item__image\" data-thumbnail=\"https:\/\/najar.com.br\/wp-content\/uploads\/2024\/02\/Colecao-Junina-2024-05-scaled.jpg\" data-width=\"1810\" data-height=\"2560\" aria-label=\"\" role=\"img\" ><\/div>\n\t\t\t\t\t\t\t\t\t\t\t<div class=\"elementor-gallery-item__overlay\"><\/div>\n\t\t\t\t\t\t\t\t\t\t\t\t\t\t<\/a>\n\t\t\t\t\t<\/div>\n\t\t\t\t\t<\/div>\n\t\t\t\t<\/div>\n\t\t\t\t\t<\/div>\n\t\t<\/div>\n\t\t\t\t\t<\/div>\n\t\t<\/section>\n\t\t\t\t<\/div>\n\t\t","protected":false},"excerpt":{"rendered":"<p>Cole\u00e7\u00e3o JuninaDownload PDF Cole\u00e7\u00e3o Junina<\/p>\n","protected":false},"author":2,"featured_media":0,"parent":0,"menu_order":0,"comment_status":"closed","ping_status":"closed","template":"","meta":{"footnotes":""},"class_list":["post-3252","page","type-page","status-publish","hentry"],"_links":{"self":[{"href":"https:\/\/najar.com.br\/index.php?rest_route=\/wp\/v2\/pages\/3252","targetHints":{"allow":["GET"]}}],"collection":[{"href":"https:\/\/najar.com.br\/index.php?rest_route=\/wp\/v2\/pages"}],"about":[{"href":"https:\/\/najar.com.br\/index.php?rest_route=\/wp\/v2\/types\/page"}],"author":[{"embeddable":true,"href":"https:\/\/najar.com.br\/index.php?rest_route=\/wp\/v2\/users\/2"}],"replies":[{"embeddable":true,"href":"https:\/\/najar.com.br\/index.php?rest_route=%2Fwp%2Fv2%2Fcomments&post=3252"}],"version-history":[{"count":3,"href":"https:\/\/najar.com.br\/index.php?rest_route=\/wp\/v2\/pages\/3252\/revisions"}],"predecessor-version":[{"id":3255,"href":"https:\/\/najar.com.br\/index.php?rest_route=\/wp\/v2\/pages\/3252\/revisions\/3255"}],"wp:attachment":[{"href":"https:\/\/najar.com.br\/index.php?rest_route=%2Fwp%2Fv2%2Fmedia&parent=3252"}],"curies":[{"name":"wp","href":"https:\/\/api.w.org\/{rel}","templated":true}]}}