{"id":3553,"date":"2025-04-17T15:48:17","date_gmt":"2025-04-17T18:48:17","guid":{"rendered":"https:\/\/najar.com.br\/?page_id=3553"},"modified":"2026-01-26T10:30:58","modified_gmt":"2026-01-26T13:30:58","slug":"catalogo-de-lacos","status":"publish","type":"page","link":"https:\/\/najar.com.br\/?page_id=3553","title":{"rendered":"Cat\u00e1logo de La\u00e7os"},"content":{"rendered":"\t\t<div data-elementor-type=\"wp-page\" data-elementor-id=\"3553\" class=\"elementor elementor-3553\" data-elementor-post-type=\"page\">\n\t\t\t\t\t\t<section class=\"elementor-section elementor-top-section elementor-element elementor-element-7ee5897 elementor-section-boxed elementor-section-height-default elementor-section-height-default\" data-id=\"7ee5897\" data-element_type=\"section\" data-e-type=\"section\" data-settings=\"{&quot;jet_parallax_layout_list&quot;:[]}\">\n\t\t\t\t\t\t<div class=\"elementor-container elementor-column-gap-default\">\n\t\t\t\t\t<div class=\"elementor-column elementor-col-100 elementor-top-column elementor-element elementor-element-c5d33d5\" data-id=\"c5d33d5\" data-element_type=\"column\" data-e-type=\"column\">\n\t\t\t<div class=\"elementor-widget-wrap elementor-element-populated\">\n\t\t\t\t\t\t<div class=\"elementor-element elementor-element-7fc1837 elementor-widget elementor-widget-spacer\" data-id=\"7fc1837\" data-element_type=\"widget\" data-e-type=\"widget\" data-widget_type=\"spacer.default\">\n\t\t\t\t<div class=\"elementor-widget-container\">\n\t\t\t\t\t\t\t<div class=\"elementor-spacer\">\n\t\t\t<div class=\"elementor-spacer-inner\"><\/div>\n\t\t<\/div>\n\t\t\t\t\t\t<\/div>\n\t\t\t\t<\/div>\n\t\t\t\t<div class=\"elementor-element elementor-element-1c00a28 elementor-align-center elementor-widget elementor-widget-jet-download-button\" data-id=\"1c00a28\" data-element_type=\"widget\" data-e-type=\"widget\" data-widget_type=\"jet-download-button.default\">\n\t\t\t\t<div class=\"elementor-widget-container\">\n\t\t\t\t\t<div class=\"elementor-jet-download-button jet-elements\"><a class=\"elementor-button elementor-size-md jet-download jet-download-icon-position-bottom\" data-e-disable-page-transition=\"true\" href=\"https:\/\/najar.com.br\/?jet_download=1d1030605aadf8e8ce2de7a372fa9b07e7076c29\" ><span class=\"jet-download__icon jet-download-icon-bottom jet-elements-icon\"><i aria-hidden=\"true\" class=\"fas fa-file-download\"><\/i><\/span><span class=\"jet-download__text\"><span class=\"jet-download__label\">Cat\u00e1logo de La\u00e7os<\/span><span class=\"jet-download__file-name\"><\/span><small class=\"jet-download__sub-label\">Download PDF<\/small><\/span><\/a>\n<\/div>\t\t\t\t<\/div>\n\t\t\t\t<\/div>\n\t\t\t\t<div class=\"elementor-element elementor-element-082d704 elementor-widget elementor-widget-spacer\" data-id=\"082d704\" data-element_type=\"widget\" data-e-type=\"widget\" data-widget_type=\"spacer.default\">\n\t\t\t\t<div class=\"elementor-widget-container\">\n\t\t\t\t\t\t\t<div class=\"elementor-spacer\">\n\t\t\t<div class=\"elementor-spacer-inner\"><\/div>\n\t\t<\/div>\n\t\t\t\t\t\t<\/div>\n\t\t\t\t<\/div>\n\t\t\t\t<div class=\"elementor-element elementor-element-fe9b814 elementor-widget elementor-widget-heading\" data-id=\"fe9b814\" data-element_type=\"widget\" data-e-type=\"widget\" data-widget_type=\"heading.default\">\n\t\t\t\t<div class=\"elementor-widget-container\">\n\t\t\t\t\t<h2 class=\"elementor-heading-title elementor-size-default\">Cat\u00e1logo de La\u00e7os<\/h2>\t\t\t\t<\/div>\n\t\t\t\t<\/div>\n\t\t\t\t<div class=\"elementor-element elementor-element-ae63320 elementor-widget elementor-widget-spacer\" data-id=\"ae63320\" data-element_type=\"widget\" data-e-type=\"widget\" data-widget_type=\"spacer.default\">\n\t\t\t\t<div class=\"elementor-widget-container\">\n\t\t\t\t\t\t\t<div class=\"elementor-spacer\">\n\t\t\t<div class=\"elementor-spacer-inner\"><\/div>\n\t\t<\/div>\n\t\t\t\t\t\t<\/div>\n\t\t\t\t<\/div>\n\t\t\t\t<div class=\"elementor-element elementor-element-26cd899 elementor-widget elementor-widget-image-gallery\" data-id=\"26cd899\" data-element_type=\"widget\" data-e-type=\"widget\" data-widget_type=\"image-gallery.default\">\n\t\t\t\t<div class=\"elementor-widget-container\">\n\t\t\t\t\t\t\t<div class=\"elementor-image-gallery\">\n\t\t\t<div id='gallery-1' class='gallery galleryid-3553 gallery-columns-1 gallery-size-full'><figure class='gallery-item'>\n\t\t\t<div class='gallery-icon portrait'>\n\t\t\t\t<a data-elementor-open-lightbox=\"yes\" data-elementor-lightbox-slideshow=\"26cd899\" data-e-action-hash=\"#elementor-action%3Aaction%3Dlightbox%26settings%3DeyJpZCI6Mzk0NCwidXJsIjoiaHR0cHM6XC9cL25hamFyLmNvbS5iclwvd3AtY29udGVudFwvdXBsb2Fkc1wvMjAyNlwvMDFcL0NhdGFsb2dvLWRlLUxhY29zLTIwMjYtMDEtc2NhbGVkLmpwZyIsInNsaWRlc2hvdyI6IjI2Y2Q4OTkifQ%3D%3D\" href='https:\/\/najar.com.br\/wp-content\/uploads\/2026\/01\/Catalogo-de-Lacos-2026-01-scaled.jpg'><img fetchpriority=\"high\" decoding=\"async\" width=\"1810\" height=\"2560\" src=\"https:\/\/najar.com.br\/wp-content\/uploads\/2026\/01\/Catalogo-de-Lacos-2026-01-scaled.jpg\" class=\"attachment-full size-full\" alt=\"\" srcset=\"https:\/\/najar.com.br\/wp-content\/uploads\/2026\/01\/Catalogo-de-Lacos-2026-01-scaled.jpg 1810w, https:\/\/najar.com.br\/wp-content\/uploads\/2026\/01\/Catalogo-de-Lacos-2026-01-212x300.jpg 212w, https:\/\/najar.com.br\/wp-content\/uploads\/2026\/01\/Catalogo-de-Lacos-2026-01-724x1024.jpg 724w, https:\/\/najar.com.br\/wp-content\/uploads\/2026\/01\/Catalogo-de-Lacos-2026-01-768x1086.jpg 768w, https:\/\/najar.com.br\/wp-content\/uploads\/2026\/01\/Catalogo-de-Lacos-2026-01-1086x1536.jpg 1086w, https:\/\/najar.com.br\/wp-content\/uploads\/2026\/01\/Catalogo-de-Lacos-2026-01-1448x2048.jpg 1448w\" sizes=\"(max-width: 1810px) 100vw, 1810px\" \/><\/a>\n\t\t\t<\/div><\/figure><figure class='gallery-item'>\n\t\t\t<div class='gallery-icon portrait'>\n\t\t\t\t<a data-elementor-open-lightbox=\"yes\" data-elementor-lightbox-slideshow=\"26cd899\" data-e-action-hash=\"#elementor-action%3Aaction%3Dlightbox%26settings%3DeyJpZCI6Mzk0NSwidXJsIjoiaHR0cHM6XC9cL25hamFyLmNvbS5iclwvd3AtY29udGVudFwvdXBsb2Fkc1wvMjAyNlwvMDFcL0NhdGFsb2dvLWRlLUxhY29zLTIwMjYtMDItc2NhbGVkLmpwZyIsInNsaWRlc2hvdyI6IjI2Y2Q4OTkifQ%3D%3D\" href='https:\/\/najar.com.br\/wp-content\/uploads\/2026\/01\/Catalogo-de-Lacos-2026-02-scaled.jpg'><img decoding=\"async\" width=\"1810\" height=\"2560\" src=\"https:\/\/najar.com.br\/wp-content\/uploads\/2026\/01\/Catalogo-de-Lacos-2026-02-scaled.jpg\" class=\"attachment-full size-full\" alt=\"\" srcset=\"https:\/\/najar.com.br\/wp-content\/uploads\/2026\/01\/Catalogo-de-Lacos-2026-02-scaled.jpg 1810w, https:\/\/najar.com.br\/wp-content\/uploads\/2026\/01\/Catalogo-de-Lacos-2026-02-212x300.jpg 212w, https:\/\/najar.com.br\/wp-content\/uploads\/2026\/01\/Catalogo-de-Lacos-2026-02-724x1024.jpg 724w, https:\/\/najar.com.br\/wp-content\/uploads\/2026\/01\/Catalogo-de-Lacos-2026-02-768x1086.jpg 768w, https:\/\/najar.com.br\/wp-content\/uploads\/2026\/01\/Catalogo-de-Lacos-2026-02-1086x1536.jpg 1086w, https:\/\/najar.com.br\/wp-content\/uploads\/2026\/01\/Catalogo-de-Lacos-2026-02-1448x2048.jpg 1448w\" sizes=\"(max-width: 1810px) 100vw, 1810px\" \/><\/a>\n\t\t\t<\/div><\/figure>\n\t\t<\/div>\n\t\t<\/div>\n\t\t\t\t\t\t<\/div>\n\t\t\t\t<\/div>\n\t\t\t\t\t<\/div>\n\t\t<\/div>\n\t\t\t\t\t<\/div>\n\t\t<\/section>\n\t\t\t\t<\/div>\n\t\t","protected":false},"excerpt":{"rendered":"<p>Cat\u00e1logo de La\u00e7osDownload PDF Cat\u00e1logo de La\u00e7os<\/p>\n","protected":false},"author":2,"featured_media":0,"parent":0,"menu_order":0,"comment_status":"closed","ping_status":"closed","template":"","meta":{"footnotes":""},"class_list":["post-3553","page","type-page","status-publish","hentry"],"_links":{"self":[{"href":"https:\/\/najar.com.br\/index.php?rest_route=\/wp\/v2\/pages\/3553","targetHints":{"allow":["GET"]}}],"collection":[{"href":"https:\/\/najar.com.br\/index.php?rest_route=\/wp\/v2\/pages"}],"about":[{"href":"https:\/\/najar.com.br\/index.php?rest_route=\/wp\/v2\/types\/page"}],"author":[{"embeddable":true,"href":"https:\/\/najar.com.br\/index.php?rest_route=\/wp\/v2\/users\/2"}],"replies":[{"embeddable":true,"href":"https:\/\/najar.com.br\/index.php?rest_route=%2Fwp%2Fv2%2Fcomments&post=3553"}],"version-history":[{"count":6,"href":"https:\/\/najar.com.br\/index.php?rest_route=\/wp\/v2\/pages\/3553\/revisions"}],"predecessor-version":[{"id":3950,"href":"https:\/\/najar.com.br\/index.php?rest_route=\/wp\/v2\/pages\/3553\/revisions\/3950"}],"wp:attachment":[{"href":"https:\/\/najar.com.br\/index.php?rest_route=%2Fwp%2Fv2%2Fmedia&parent=3553"}],"curies":[{"name":"wp","href":"https:\/\/api.w.org\/{rel}","templated":true}]}}