{"id":3837,"date":"2025-10-15T16:02:12","date_gmt":"2025-10-15T19:02:12","guid":{"rendered":"https:\/\/najar.com.br\/?page_id=3837"},"modified":"2025-10-15T16:06:15","modified_gmt":"2025-10-15T19:06:15","slug":"notas-explicativas-ao-relatorio-de-transparencia-industrias-texteis-najar-2","status":"publish","type":"page","link":"https:\/\/najar.com.br\/?page_id=3837","title":{"rendered":"Notas Explicativas ao Relat\u00f3rio de Transpar\u00eancia &#8211; Ind\u00fastrias T\u00eaxteis Najar"},"content":{"rendered":"\t\t<div data-elementor-type=\"wp-page\" data-elementor-id=\"3837\" class=\"elementor elementor-3837\" data-elementor-post-type=\"page\">\n\t\t\t\t\t\t<section class=\"elementor-section elementor-top-section elementor-element elementor-element-f448c53 elementor-section-boxed elementor-section-height-default elementor-section-height-default\" data-id=\"f448c53\" data-element_type=\"section\" data-e-type=\"section\" data-settings=\"{&quot;jet_parallax_layout_list&quot;:[]}\">\n\t\t\t\t\t\t<div class=\"elementor-container elementor-column-gap-default\">\n\t\t\t\t\t<div class=\"elementor-column elementor-col-100 elementor-top-column elementor-element elementor-element-6753537\" data-id=\"6753537\" data-element_type=\"column\" data-e-type=\"column\">\n\t\t\t<div class=\"elementor-widget-wrap elementor-element-populated\">\n\t\t\t\t\t\t<div class=\"elementor-element elementor-element-5db950b elementor-widget elementor-widget-spacer\" data-id=\"5db950b\" data-element_type=\"widget\" data-e-type=\"widget\" data-widget_type=\"spacer.default\">\n\t\t\t\t<div class=\"elementor-widget-container\">\n\t\t\t\t\t\t\t<div class=\"elementor-spacer\">\n\t\t\t<div class=\"elementor-spacer-inner\"><\/div>\n\t\t<\/div>\n\t\t\t\t\t\t<\/div>\n\t\t\t\t<\/div>\n\t\t\t\t<div class=\"elementor-element elementor-element-d1ceb1e elementor-widget elementor-widget-heading\" data-id=\"d1ceb1e\" data-element_type=\"widget\" data-e-type=\"widget\" data-widget_type=\"heading.default\">\n\t\t\t\t<div class=\"elementor-widget-container\">\n\t\t\t\t\t<h2 class=\"elementor-heading-title elementor-size-default\">Notas Explicativas ao Relat\u00f3rio de Transpar\u00eancia - Ind\u00fastrias T\u00eaxteis Najar<\/h2>\t\t\t\t<\/div>\n\t\t\t\t<\/div>\n\t\t\t\t<div class=\"elementor-element elementor-element-b5d37dc elementor-widget elementor-widget-spacer\" data-id=\"b5d37dc\" data-element_type=\"widget\" data-e-type=\"widget\" data-widget_type=\"spacer.default\">\n\t\t\t\t<div class=\"elementor-widget-container\">\n\t\t\t\t\t\t\t<div class=\"elementor-spacer\">\n\t\t\t<div class=\"elementor-spacer-inner\"><\/div>\n\t\t<\/div>\n\t\t\t\t\t\t<\/div>\n\t\t\t\t<\/div>\n\t\t\t\t<div class=\"elementor-element elementor-element-e8aaaee elementor-widget elementor-widget-image-gallery\" data-id=\"e8aaaee\" data-element_type=\"widget\" data-e-type=\"widget\" data-widget_type=\"image-gallery.default\">\n\t\t\t\t<div class=\"elementor-widget-container\">\n\t\t\t\t\t\t\t<div class=\"elementor-image-gallery\">\n\t\t\t<div id='gallery-1' class='gallery galleryid-3837 gallery-columns-1 gallery-size-full'><figure class='gallery-item'>\n\t\t\t<div class='gallery-icon portrait'>\n\t\t\t\t<a data-elementor-open-lightbox=\"yes\" data-elementor-lightbox-slideshow=\"e8aaaee\" data-e-action-hash=\"#elementor-action%3Aaction%3Dlightbox%26settings%3DeyJpZCI6Mzg0MywidXJsIjoiaHR0cHM6XC9cL25hamFyLmNvbS5iclwvd3AtY29udGVudFwvdXBsb2Fkc1wvMjAyNVwvMTBcL05vdGFzLUV4cGxpY2F0aXZhcy1hby1SZWxhdG9yaW8tZGUtVHJhbnNwYXJlbmNpYS1JbmR1c3RyaWFzLVRleHRlaXMtTmFqYXItMS1zY2FsZWQuanBnIiwic2xpZGVzaG93IjoiZThhYWFlZSJ9\" href='https:\/\/najar.com.br\/wp-content\/uploads\/2025\/10\/Notas-Explicativas-ao-Relatorio-de-Transparencia-Industrias-Texteis-Najar-1-scaled.jpg'><img fetchpriority=\"high\" decoding=\"async\" width=\"1826\" height=\"2560\" src=\"https:\/\/najar.com.br\/wp-content\/uploads\/2025\/10\/Notas-Explicativas-ao-Relatorio-de-Transparencia-Industrias-Texteis-Najar-1-scaled.jpg\" class=\"attachment-full size-full\" alt=\"\" srcset=\"https:\/\/najar.com.br\/wp-content\/uploads\/2025\/10\/Notas-Explicativas-ao-Relatorio-de-Transparencia-Industrias-Texteis-Najar-1-scaled.jpg 1826w, https:\/\/najar.com.br\/wp-content\/uploads\/2025\/10\/Notas-Explicativas-ao-Relatorio-de-Transparencia-Industrias-Texteis-Najar-1-214x300.jpg 214w, https:\/\/najar.com.br\/wp-content\/uploads\/2025\/10\/Notas-Explicativas-ao-Relatorio-de-Transparencia-Industrias-Texteis-Najar-1-730x1024.jpg 730w, https:\/\/najar.com.br\/wp-content\/uploads\/2025\/10\/Notas-Explicativas-ao-Relatorio-de-Transparencia-Industrias-Texteis-Najar-1-768x1077.jpg 768w, https:\/\/najar.com.br\/wp-content\/uploads\/2025\/10\/Notas-Explicativas-ao-Relatorio-de-Transparencia-Industrias-Texteis-Najar-1-1095x1536.jpg 1095w, https:\/\/najar.com.br\/wp-content\/uploads\/2025\/10\/Notas-Explicativas-ao-Relatorio-de-Transparencia-Industrias-Texteis-Najar-1-1460x2048.jpg 1460w\" sizes=\"(max-width: 1826px) 100vw, 1826px\" \/><\/a>\n\t\t\t<\/div><\/figure>\n\t\t<\/div>\n\t\t<\/div>\n\t\t\t\t\t\t<\/div>\n\t\t\t\t<\/div>\n\t\t\t\t<div class=\"elementor-element elementor-element-519a994 elementor-widget elementor-widget-spacer\" data-id=\"519a994\" data-element_type=\"widget\" data-e-type=\"widget\" data-widget_type=\"spacer.default\">\n\t\t\t\t<div class=\"elementor-widget-container\">\n\t\t\t\t\t\t\t<div class=\"elementor-spacer\">\n\t\t\t<div class=\"elementor-spacer-inner\"><\/div>\n\t\t<\/div>\n\t\t\t\t\t\t<\/div>\n\t\t\t\t<\/div>\n\t\t\t\t\t<\/div>\n\t\t<\/div>\n\t\t\t\t\t<\/div>\n\t\t<\/section>\n\t\t\t\t<\/div>\n\t\t","protected":false},"excerpt":{"rendered":"<p>Notas Explicativas ao Relat\u00f3rio de Transpar\u00eancia &#8211; Ind\u00fastrias T\u00eaxteis Najar<\/p>\n","protected":false},"author":2,"featured_media":0,"parent":0,"menu_order":0,"comment_status":"closed","ping_status":"closed","template":"","meta":{"footnotes":""},"class_list":["post-3837","page","type-page","status-publish","hentry"],"_links":{"self":[{"href":"https:\/\/najar.com.br\/index.php?rest_route=\/wp\/v2\/pages\/3837","targetHints":{"allow":["GET"]}}],"collection":[{"href":"https:\/\/najar.com.br\/index.php?rest_route=\/wp\/v2\/pages"}],"about":[{"href":"https:\/\/najar.com.br\/index.php?rest_route=\/wp\/v2\/types\/page"}],"author":[{"embeddable":true,"href":"https:\/\/najar.com.br\/index.php?rest_route=\/wp\/v2\/users\/2"}],"replies":[{"embeddable":true,"href":"https:\/\/najar.com.br\/index.php?rest_route=%2Fwp%2Fv2%2Fcomments&post=3837"}],"version-history":[{"count":6,"href":"https:\/\/najar.com.br\/index.php?rest_route=\/wp\/v2\/pages\/3837\/revisions"}],"predecessor-version":[{"id":3846,"href":"https:\/\/najar.com.br\/index.php?rest_route=\/wp\/v2\/pages\/3837\/revisions\/3846"}],"wp:attachment":[{"href":"https:\/\/najar.com.br\/index.php?rest_route=%2Fwp%2Fv2%2Fmedia&parent=3837"}],"curies":[{"name":"wp","href":"https:\/\/api.w.org\/{rel}","templated":true}]}}